{"id":459,"date":"2010-12-15T15:08:28","date_gmt":"2010-12-15T13:08:28","guid":{"rendered":"http:\/\/www.parufito.info\/"},"modified":"2015-01-19T11:46:20","modified_gmt":"2015-01-19T10:46:20","slug":"calaix","status":"publish","type":"page","link":"https:\/\/www.parufito.info\/blog\/calaix\/","title":{"rendered":"Calaix"},"content":{"rendered":"<p>Actualitzaci\u00f3 d&#8217;enlla\u00e7os, tot i que est\u00e0 en general tot bastant desordenat, almenys que no es perdin ;)<\/p>\n<p>El motiu d&#8217;aquesta secci\u00f3 \u00e9s de &#8220;calaix de sastre&#8221; on deixo tot d&#8217;enlla\u00e7os i coses que m&#8217;interessen de cada un d&#8217;aquests &#8220;temes&#8221; ;)<\/p>\n<ul class=\"sub-menu toggled-on\">\n<li id=\"menu-item-1454\" class=\"menu-item menu-item-type-post_type menu-item-object-page menu-item-1454\"><a href=\"http:\/\/www.parufito.info\/calaix\/game-watch\/\">Game &amp; Watch<\/a><\/li>\n<li id=\"menu-item-1442\" class=\"menu-item menu-item-type-post_type menu-item-object-page menu-item-1442\"><a href=\"http:\/\/www.parufito.info\/calaix\/gameboy\/\">GameBoy<\/a><\/li>\n<li id=\"menu-item-1218\" class=\"menu-item menu-item-type-post_type menu-item-object-page menu-item-1218\"><a href=\"http:\/\/www.parufito.info\/calaix\/gba\/\">GBA<\/a><\/li>\n<li id=\"menu-item-1217\" class=\"menu-item menu-item-type-post_type menu-item-object-page menu-item-1217\"><a href=\"http:\/\/www.parufito.info\/calaix\/3ds\/\">3DS<\/a><\/li>\n<li id=\"menu-item-1455\" class=\"menu-item menu-item-type-post_type menu-item-object-page menu-item-1455\"><a href=\"http:\/\/www.parufito.info\/calaix\/nes\/\">Nes<\/a><\/li>\n<li id=\"menu-item-1219\" class=\"menu-item menu-item-type-post_type menu-item-object-page menu-item-1219\"><a href=\"http:\/\/www.parufito.info\/calaix\/gp2x\/\">Gp2x<\/a><\/li>\n<li id=\"menu-item-1456\" class=\"menu-item menu-item-type-post_type menu-item-object-page menu-item-1456\"><a href=\"http:\/\/www.parufito.info\/calaix\/gp2x-wiz\/\">Gp2x Wiz<\/a><\/li>\n<li id=\"menu-item-1220\" class=\"menu-item menu-item-type-post_type menu-item-object-page menu-item-1220\"><a href=\"http:\/\/www.parufito.info\/calaix\/palm\/\">Palm<\/a><\/li>\n<li id=\"menu-item-1221\" class=\"menu-item menu-item-type-post_type menu-item-object-page menu-item-1221\"><a href=\"http:\/\/www.parufito.info\/calaix\/utils\/\">Utils<\/a><\/li>\n<li id=\"menu-item-1222\" class=\"menu-item menu-item-type-post_type menu-item-object-page menu-item-1222\"><a href=\"http:\/\/www.parufito.info\/calaix\/xbox\/\">Xbox<\/a><\/li>\n<li id=\"menu-item-1453\" class=\"menu-item menu-item-type-post_type menu-item-object-page menu-item-1453\"><a href=\"http:\/\/www.parufito.info\/calaix\/playstation-2\/\">PlayStation 2<\/a><\/li>\n<\/ul>\n<hr \/>\n<p>&nbsp;<\/p>\n<p style=\"text-align: center;\"><strong><span style=\"color: #800000;\">Contingut Antic<\/span><\/strong><\/p>\n<p>Moltes d&#8217;aquestes p\u00e0gines les he anat movent a la <strong><a href=\"http:\/\/wiki.parufito.info\">wiki<\/a><\/strong>, ja que m&#8217;\u00e9s m\u00e9s c\u00f2mode editar i organitzar la informaci\u00f3. Moltes d&#8217;elles a sobre, s\u00f3n de gadgets que ja no utilitzo, aix\u00ed que podr\u00edem dir que estan <em>Deprecated<\/em> ;) Tot i aix\u00ed ho deixarem aqu\u00ed per si us fa servei :D<\/p>\n<ul>\n<li>GameBoy Advance:\u00a0<a href=\"http:\/\/www.parufito.info\/calaix\/gba\/\">http:\/\/www.parufito.info\/calaix\/gba\/<\/a><\/li>\n<li>Gp2x:\u00a0<a href=\"http:\/\/www.parufito.info\/calaix\/gp2x\/\">http:\/\/www.parufito.info\/calaix\/gp2x\/<\/a><\/li>\n<li>Palm:\u00a0<a href=\"http:\/\/www.parufito.info\/calaix\/palm\/\">http:\/\/www.parufito.info\/calaix\/palm\/<\/a><\/li>\n<li>Utils:\u00a0<a href=\"http:\/\/www.parufito.info\/calaix\/utils\/\">http:\/\/www.parufito.info\/calaix\/utils\/<\/a><\/li>\n<li>Wii:\u00a0<a href=\"http:\/\/www.parufito.info\/calaix\/wii\/\">http:\/\/www.parufito.info\/calaix\/wii\/<\/a><\/li>\n<li>Xbox:\u00a0<a href=\"http:\/\/www.parufito.info\/calaix\/xbox\/\">http:\/\/www.parufito.info\/calaix\/xbox\/<\/a><\/li>\n<\/ul>\n","protected":false},"excerpt":{"rendered":"<p>Actualitzaci\u00f3 d&#8217;enlla\u00e7os, tot i que est\u00e0 en general tot bastant desordenat, almenys que no es perdin ;) El motiu d&#8217;aquesta secci\u00f3 \u00e9s de &#8220;calaix de sastre&#8221; on deixo tot d&#8217;enlla\u00e7os i coses que m&#8217;interessen de cada un d&#8217;aquests &#8220;temes&#8221; ;) Game &amp; Watch GameBoy GBA 3DS Nes Gp2x Gp2x Wiz Palm Utils Xbox PlayStation 2 [&hellip;]<\/p>\n","protected":false},"author":1,"featured_media":0,"parent":0,"menu_order":4,"comment_status":"closed","ping_status":"closed","template":"","meta":{"jetpack_post_was_ever_published":false,"footnotes":""},"class_list":["post-459","page","type-page","status-publish","hentry"],"jetpack_shortlink":"https:\/\/wp.me\/Pfudbs-7p","jetpack_sharing_enabled":true,"_links":{"self":[{"href":"https:\/\/www.parufito.info\/blog\/wp-json\/wp\/v2\/pages\/459","targetHints":{"allow":["GET"]}}],"collection":[{"href":"https:\/\/www.parufito.info\/blog\/wp-json\/wp\/v2\/pages"}],"about":[{"href":"https:\/\/www.parufito.info\/blog\/wp-json\/wp\/v2\/types\/page"}],"author":[{"embeddable":true,"href":"https:\/\/www.parufito.info\/blog\/wp-json\/wp\/v2\/users\/1"}],"replies":[{"embeddable":true,"href":"https:\/\/www.parufito.info\/blog\/wp-json\/wp\/v2\/comments?post=459"}],"version-history":[{"count":12,"href":"https:\/\/www.parufito.info\/blog\/wp-json\/wp\/v2\/pages\/459\/revisions"}],"predecessor-version":[{"id":1667,"href":"https:\/\/www.parufito.info\/blog\/wp-json\/wp\/v2\/pages\/459\/revisions\/1667"}],"wp:attachment":[{"href":"https:\/\/www.parufito.info\/blog\/wp-json\/wp\/v2\/media?parent=459"}],"curies":[{"name":"wp","href":"https:\/\/api.w.org\/{rel}","templated":true}]}}