{"id":2,"date":"2007-08-13T13:06:35","date_gmt":"2007-08-13T11:06:35","guid":{"rendered":""},"modified":"2014-12-22T17:12:33","modified_gmt":"2014-12-22T16:12:33","slug":"about","status":"publish","type":"page","link":"https:\/\/www.parufito.info\/blog\/about\/","title":{"rendered":"Qui s\u00f3c?"},"content":{"rendered":"<p>Bones, com podeu comprovar soc un <em>friki<\/em>. Per a mes informaci\u00f3, titulat en <a href=\"http:\/\/uab.es\/servlet\/Satellite\/ESTUDIAR\/Tots-els-estudis\/Informacio-general\/Enginyeria-Tecnica-d-Informatica-de-Gestio--Eng--1r-cicle--1089963374371.html?param1=1089612449202&amp;param10=5&amp;param3=Enginyeria+T%C3%A8cnica+d%27Inform%C3%A0tica+de+Gesti%C3%B3+(Eng.+1r+cicle)\"><strong>Inform\u00e0tica de gesti\u00f3<\/strong><\/a> i en el <a href=\"http:\/\/www.uoc.edu\/masters\/oficials\/estudis\/master_oficial_programari_lliure_estudis.htm\"><strong>M\u00e0ster Oficial de Software lliure<\/strong><\/a>.<\/p>\n<p>Pel que fa a aquesta web, antigament es tractava d&#8217;un <em>blog<\/em>, on penjava coses que m&#8217;interessen, normalment, petits manuals de configuracions o comportament de diferents programes i sistemes inform\u00e0tics (normalment <strong>Linux<\/strong>, que \u00e9s el que mes utilitzo). Actualment S&#8217;ha convertit tamb\u00e9 en un portfoli on penjo les descripcions dels &#8220;projectes&#8221; que he realitzat o que estan en marxa.<\/p>\n<p><!--more--><\/p>\n<p>No voldria semblar esquerp, per\u00f2 no intento que siguin uns <strong>manuals <\/strong>aptes per a tothom, si no que senzillament els escric per a mi, per a saber com faig les coses i poder apuntar les referencies llegides i deixar-ho tot ben ordenat, per si en un futur he de tornar a fer el mateix.<\/p>\n<p>Si be crec que no son aptes per a tothom, sempre que trobeu informaci\u00f3 que us interessi, sou ben lliures d&#8217;agafar-la! i si us sorgeix algun dubte, poseu-vos en contacte amb mi, que sempre que pugui intentar\u00e9 ajudar-vos :P<\/p>\n<p>Podeu visitar les seccions, per veure una mica que he anat fent i si hi han temes que us interessen.<\/p>\n<p>Tamb\u00e9 soc un malalt dels videojocs, tema sobre el qual escric tambe coses, de tot tipus, des de mes &#8220;immorals&#8221; a qualsevol xorradeta que faig amb pixel blocs.<\/p>\n<p>De tant en tant tamb\u00e9 escric coses a <a href=\"http:\/\/www.vadejocs.cat\">www.vadejocs.cat<\/a> i <a href=\"http:\/\/www.pocafeina.cat\">www.pocafeina.cat<\/a>, aquesta ultima amb la calma que em caracteritza la he anat configurant tamb\u00e9. Encara tinc algun altre projecte entre mans, que tranquils que en sentireu a parlar quan sigui el moment.<\/p>\n<p><span style=\"text-decoration: underline;\"><strong>CONTACTE<\/strong><\/span><\/p>\n<p>Per evitar spam, no posar\u00e9 el meu correu per aqu\u00ed, per\u00f2 mitjan\u00e7ant aquest formulari, us podeu posar en contacte amb mi per a qualsevol cosa!<\/p>\n<div data-test='contact-form' id='contact-form-2' class='wp-block-jetpack-contact-form-container '>\n<form action='https:\/\/www.parufito.info\/blog\/about\/#contact-form-2' method='post' class='contact-form commentsblock' aria-label=\"Qui s\u00f3c?\" novalidate>\n\n\t\t\t\t\n<div style=\"\" class='grunion-field-name-wrap grunion-field-wrap'  >\n<label\n\t\t\t\tfor='g2-nom'\n\t\t\t\tclass='grunion-field-label name'>Nom<span class=\"grunion-label-required\" aria-hidden=\"true\">(necessari)<\/span><\/label>\n<input\n\t\t\t\t\ttype='text'\n\t\t\t\t\tname='g2-nom'\n\t\t\t\t\tid='g2-nom'\n\t\t\t\t\tvalue=''\n\t\t\t\t\tclass='name  grunion-field' \n\t\t\t\t\trequired aria-required='true' \/>\n\t<\/div>\n\n\t\t\t\t\n<div style=\"\" class='grunion-field-email-wrap grunion-field-wrap'  >\n<label\n\t\t\t\tfor='g2-correuelectrnic'\n\t\t\t\tclass='grunion-field-label email'>Correu electr\u00f2nic<span class=\"grunion-label-required\" aria-hidden=\"true\">(necessari)<\/span><\/label>\n<input\n\t\t\t\t\ttype='email'\n\t\t\t\t\tname='g2-correuelectrnic'\n\t\t\t\t\tid='g2-correuelectrnic'\n\t\t\t\t\tvalue=''\n\t\t\t\t\tclass='email  grunion-field' \n\t\t\t\t\trequired aria-required='true' \/>\n\t<\/div>\n\n\t\t\t\t\n<div style=\"\" class='grunion-field-url-wrap grunion-field-wrap'  >\n<label\n\t\t\t\tfor='g2-llocweb'\n\t\t\t\tclass='grunion-field-label url'>Lloc web<\/label>\n<input\n\t\t\t\t\ttype='text'\n\t\t\t\t\tname='g2-llocweb'\n\t\t\t\t\tid='g2-llocweb'\n\t\t\t\t\tvalue=''\n\t\t\t\t\tclass='url  grunion-field' \n\t\t\t\t\ttitle=\"Introdu\u00efu un URL v\u00e0lid - https:\/\/www.example.com\" oninvalid=\"setCustomValidity(&quot;Introdu\u00efu un URL v\u00e0lid - https:\/\/www.example.com&quot;)\" oninput=\"setCustomValidity(&quot;&quot;)\" pattern=\"(([:\\\/a-zA-Z0-9_\\-]+)?(\\.[a-zA-Z0-9_\\-\\\/]+)+)\" data-type-override=\"url\"  \/>\n\t<\/div>\n\n\t\t\t\t\n<div style=\"\" class='grunion-field-textarea-wrap grunion-field-wrap'  >\n<label\n\t\t\t\tfor='contact-form-comment-g2-missatge'\n\t\t\t\tclass='grunion-field-label textarea'>Missatge<\/label>\n<textarea\n\t\t                style=''\n\t\t                name='g2-missatge'\n\t\t                id='contact-form-comment-g2-missatge'\n\t\t                rows='20' class='textarea  grunion-field'  ><\/textarea>\n\t<\/div>\n\t<p class='contact-submit'>\n\t\t<button type='submit' class='pushbutton-wide'>Tramet<\/button>\t\t<input type='hidden' name='contact-form-id' value='2' \/>\n\t\t<input type='hidden' name='action' value='grunion-contact-form' \/>\n\t\t<input type='hidden' name='contact-form-hash' value='3079b0ef9349c2abd1a16d3921cf1e7e04feef5d' \/>\n\t<\/p>\n<p style=\"display: none !important;\" class=\"akismet-fields-container\" data-prefix=\"ak_\"><label>&#916;<textarea name=\"ak_hp_textarea\" cols=\"45\" rows=\"8\" maxlength=\"100\"><\/textarea><\/label><input type=\"hidden\" id=\"ak_js_1\" name=\"ak_js\" value=\"2\"\/><script>document.getElementById( \"ak_js_1\" ).setAttribute( \"value\", ( new Date() ).getTime() );<\/script><\/p><\/form>\n<\/div>\n","protected":false},"excerpt":{"rendered":"<p>Bones, com podeu comprovar soc un friki. Per a mes informaci\u00f3, titulat en Inform\u00e0tica de gesti\u00f3 i en el M\u00e0ster Oficial de Software lliure. Pel que fa a aquesta web, antigament es tractava d&#8217;un blog, on penjava coses que m&#8217;interessen, normalment, petits manuals de configuracions o comportament de diferents programes i sistemes inform\u00e0tics (normalment Linux, [&hellip;]<\/p>\n","protected":false},"author":1,"featured_media":0,"parent":0,"menu_order":1,"comment_status":"closed","ping_status":"closed","template":"","meta":{"jetpack_post_was_ever_published":false,"footnotes":""},"class_list":["post-2","page","type-page","status-publish","hentry"],"jetpack_shortlink":"https:\/\/wp.me\/Pfudbs-2","jetpack_sharing_enabled":false,"_links":{"self":[{"href":"https:\/\/www.parufito.info\/blog\/wp-json\/wp\/v2\/pages\/2","targetHints":{"allow":["GET"]}}],"collection":[{"href":"https:\/\/www.parufito.info\/blog\/wp-json\/wp\/v2\/pages"}],"about":[{"href":"https:\/\/www.parufito.info\/blog\/wp-json\/wp\/v2\/types\/page"}],"author":[{"embeddable":true,"href":"https:\/\/www.parufito.info\/blog\/wp-json\/wp\/v2\/users\/1"}],"replies":[{"embeddable":true,"href":"https:\/\/www.parufito.info\/blog\/wp-json\/wp\/v2\/comments?post=2"}],"version-history":[{"count":15,"href":"https:\/\/www.parufito.info\/blog\/wp-json\/wp\/v2\/pages\/2\/revisions"}],"predecessor-version":[{"id":1237,"href":"https:\/\/www.parufito.info\/blog\/wp-json\/wp\/v2\/pages\/2\/revisions\/1237"}],"wp:attachment":[{"href":"https:\/\/www.parufito.info\/blog\/wp-json\/wp\/v2\/media?parent=2"}],"curies":[{"name":"wp","href":"https:\/\/api.w.org\/{rel}","templated":true}]}}